{"id":8,"date":"2024-01-10T15:56:08","date_gmt":"2024-01-10T14:56:08","guid":{"rendered":"https:\/\/pass-tv.fr\/?page_id=8"},"modified":"2024-01-21T20:15:27","modified_gmt":"2024-01-21T19:15:27","slug":"accueil","status":"publish","type":"page","link":"https:\/\/pass-tv.fr\/","title":{"rendered":""},"content":{"rendered":"\n<p class=\"has-text-align-center has-primary-color has-text-color has-link-color wp-elements-016d9c84de9b3b72f22ad0e28737f2d9\">Comme vous, je suis fan de parc d&#8217;attraction ! <\/p>\n\n\n\n<p class=\"has-text-align-center has-primary-color has-text-color has-link-color wp-elements-4287d40ecdc85989fcf9ff56e83b3351\"><strong>Je suis souvent \u00e0 la recherche de contenus<\/strong> sur les coulisses des parcs d&#8217;attraction, sur les zoos, etc. comprendre comment tout cela fonctionne et puis \u00e9videment, en savoir plus sur les nouveaut\u00e9s des saisons ! nouvelles attractions, nouveaux espaces, ouverture de lieux de loisirs etc. <\/p>\n\n\n\n<p class=\"has-text-align-center has-primary-color has-text-color has-link-color wp-elements-0eaf4d73a26566a05b7932291c35f02c\">J&#8217;ai fais ce constat comme vous, qu&#8217;il faut s&#8217;abonner \u00e0 divers compte instagam \/ facebook \/ youtube ou aller chercher sur diff\u00e9rents supports de communication ces contenus et <strong>ON PASSE DES HEURES<\/strong> \u00e0 chercher !  <\/p>\n\n\n\n<p class=\"has-text-align-center has-primary-color has-text-color has-link-color wp-elements-98caed9f10242a2f8e0bb09f3eb26f70\">J&#8217;ai donc eu l&#8217;id\u00e9e d&#8217;en concentrer un maximum en un seul et m\u00eame endroit : <\/p>\n\n\n\n<figure class=\"wp-block-image aligncenter size-large is-resized\"><img loading=\"lazy\" decoding=\"async\" width=\"1024\" height=\"487\" src=\"https:\/\/pass-tv.fr\/wp-content\/uploads\/2024\/01\/Pass-transparent-copie-1024x487.png\" alt=\"\" class=\"wp-image-80\" style=\"width:405px;height:auto\" srcset=\"https:\/\/pass-tv.fr\/wp-content\/uploads\/2024\/01\/Pass-transparent-copie-1024x487.png 1024w, https:\/\/pass-tv.fr\/wp-content\/uploads\/2024\/01\/Pass-transparent-copie-300x143.png 300w, https:\/\/pass-tv.fr\/wp-content\/uploads\/2024\/01\/Pass-transparent-copie.png 1262w\" sizes=\"auto, (max-width: 1024px) 100vw, 1024px\" \/><\/figure>\n\n\n\n<p class=\"has-text-align-center has-primary-color has-text-color has-link-color wp-elements-57be0588809f041c0c80c1e09e631e5f\">Pourquoi ce nom ? tout simplement car quand on aime les parcs et lieux de loisirs on a souvent un pass. <\/p>\n\n\n\n<p class=\"has-text-align-center has-primary-color has-text-color has-link-color wp-elements-411a52cddb870314f0311582b6abcbe1\">Qu&#8217;il soit annuel ou saison avec un acc\u00e8s illimit\u00e9. <\/p>\n\n\n\n<p class=\"has-text-align-center has-primary-color has-text-color has-link-color wp-elements-b2291bbad5c55304640c2d79541b47cb\">Pass c&#8217;est votre acc\u00e8s <strong>illimit\u00e9<\/strong> aux contenus vid\u00e9os de vos univers pr\u00e9f\u00e9r\u00e9s ! <\/p>\n\n\n\n<p><\/p>\n\n\n\n<h1 class=\"wp-block-heading has-text-align-center\"><mark style=\"background-color:rgba(0, 0, 0, 0)\" class=\"has-inline-color has-secondary-color\">Le contenu : <\/mark><\/h1>\n\n\n\n<p class=\"has-text-align-center has-primary-color has-text-color has-link-color wp-elements-fd6938948795c4bc2725279238614f04\">Lancements d\u2019attraction, reportages, pr\u00e9sentations des coulisses, interviews, pr\u00e9sentations de spectacles, teasers, vid\u00e9os onride etc.<\/p>\n\n\n\n<p class=\"has-text-align-center has-primary-color has-text-color has-link-color wp-elements-d054012fdde4ca9f00e4b39044703171\"> <strong>chacun trouvera son bonheur sur Pass<\/strong> !<\/p>\n\n\n\n<p><\/p>\n\n\n\n<p class=\"has-text-align-center has-primary-color has-text-color has-link-color wp-elements-72371026e375ab34294c294d14aeac18\"><br>Vous pourrez m\u00eame assister \u00e0 des retransmissions en direct d\u2019\u00e9v\u00e9nements et de conf\u00e9rences de presse que nous diffuserons pour vous sur Pass.tv.<\/p>\n\n\n\n<p class=\"has-text-align-center has-secondary-color has-text-color has-link-color wp-elements-e0c0ea800f4b49290bf7daba194d2588\"><strong>TOUT, vous saurez tout sur l&#8217;actu et les coulisses des parcs d&#8217;attractions et de loisirs<\/strong><\/p>\n\n\n\n<p><\/p>\n\n\n\n<h1 class=\"wp-block-heading has-text-align-center has-secondary-color has-text-color has-link-color wp-elements-65879c3f885dd2534321a4f985d794ce\">Avec Pass vous pourrez profiter de tous les contenus <\/h1>\n\n\n\n<h1 class=\"wp-block-heading has-text-align-center has-secondary-color has-text-color has-link-color wp-elements-0892efa7e37db0aa4e9fab8eef535ed3\">en tout lieu et gratuitement* !<\/h1>\n\n\n\n<div style=\"height:100px\" aria-hidden=\"true\" class=\"wp-block-spacer\"><\/div>\n\n\n\n<figure class=\"wp-block-image aligncenter size-large is-resized\"><img loading=\"lazy\" decoding=\"async\" width=\"964\" height=\"1024\" src=\"https:\/\/pass-tv.fr\/wp-content\/uploads\/2024\/01\/fusee-964x1024.png\" alt=\"\" class=\"wp-image-42\" style=\"width:218px;height:auto\" srcset=\"https:\/\/pass-tv.fr\/wp-content\/uploads\/2024\/01\/fusee-964x1024.png 964w, https:\/\/pass-tv.fr\/wp-content\/uploads\/2024\/01\/fusee-282x300.png 282w, https:\/\/pass-tv.fr\/wp-content\/uploads\/2024\/01\/fusee.png 1000w\" sizes=\"auto, (max-width: 964px) 100vw, 964px\" \/><\/figure>\n\n\n\n<div style=\"height:100px\" aria-hidden=\"true\" class=\"wp-block-spacer\"><\/div>\n\n\n\n<div class=\"wp-block-buttons is-horizontal is-content-justification-center is-layout-flex wp-container-core-buttons-is-layout-6bd4d9d1 wp-block-buttons-is-layout-flex\">\n<div class=\"wp-block-button has-custom-font-size is-style-fill has-medium-font-size\"><a class=\"wp-block-button__link has-white-color has-secondary-background-color has-text-color has-background has-link-color has-text-align-center wp-element-button\" href=\"https:\/\/pass-tv.fr\/index.php\/suivre-le-projet\/\" style=\"border-radius:28px\">Je fonce !<\/a><\/div>\n<\/div>\n\n\n\n<div style=\"height:100px\" aria-hidden=\"true\" class=\"wp-block-spacer\"><\/div>\n\n\n\n<p>* un abonnement premium sera propos\u00e9 pour des contenus exclusifs et sans publicit\u00e9. <\/p>\n\n\n\n<div style=\"height:100px\" aria-hidden=\"true\" class=\"wp-block-spacer\"><\/div>\n","protected":false},"excerpt":{"rendered":"<p>Comme vous, je suis fan de parc d&#8217;attraction ! Je suis souvent \u00e0 la recherche de contenus sur les coulisses des parcs d&#8217;attraction, sur les zoos, etc. comprendre comment tout cela fonctionne et puis \u00e9videment, en savoir plus sur les nouveaut\u00e9s des saisons ! nouvelles attractions, nouveaux espaces, ouverture de lieux de loisirs etc. J&#8217;ai &hellip; <\/p>\n<p class=\"link-more\"><a href=\"https:\/\/pass-tv.fr\/\" class=\"more-link\">Read more<span class=\"screen-reader-text\"> &#8220;&#8221;<\/span><\/a><\/p>\n","protected":false},"author":1,"featured_media":0,"parent":0,"menu_order":0,"comment_status":"closed","ping_status":"closed","template":"","meta":{"footnotes":""},"class_list":["post-8","page","type-page","status-publish","hentry"],"aioseo_notices":[],"_links":{"self":[{"href":"https:\/\/pass-tv.fr\/index.php\/wp-json\/wp\/v2\/pages\/8","targetHints":{"allow":["GET"]}}],"collection":[{"href":"https:\/\/pass-tv.fr\/index.php\/wp-json\/wp\/v2\/pages"}],"about":[{"href":"https:\/\/pass-tv.fr\/index.php\/wp-json\/wp\/v2\/types\/page"}],"author":[{"embeddable":true,"href":"https:\/\/pass-tv.fr\/index.php\/wp-json\/wp\/v2\/users\/1"}],"replies":[{"embeddable":true,"href":"https:\/\/pass-tv.fr\/index.php\/wp-json\/wp\/v2\/comments?post=8"}],"version-history":[{"count":26,"href":"https:\/\/pass-tv.fr\/index.php\/wp-json\/wp\/v2\/pages\/8\/revisions"}],"predecessor-version":[{"id":87,"href":"https:\/\/pass-tv.fr\/index.php\/wp-json\/wp\/v2\/pages\/8\/revisions\/87"}],"wp:attachment":[{"href":"https:\/\/pass-tv.fr\/index.php\/wp-json\/wp\/v2\/media?parent=8"}],"curies":[{"name":"wp","href":"https:\/\/api.w.org\/{rel}","templated":true}]}}