{"id":55,"date":"2024-01-18T15:41:53","date_gmt":"2024-01-18T14:41:53","guid":{"rendered":"https:\/\/pass-tv.fr\/?page_id=55"},"modified":"2024-01-21T20:35:26","modified_gmt":"2024-01-21T19:35:26","slug":"suivre-le-projet","status":"publish","type":"page","link":"https:\/\/pass-tv.fr\/index.php\/suivre-le-projet\/","title":{"rendered":"Suivre le projet !"},"content":{"rendered":"\n<p class=\"has-text-align-center\">Pour suivre le projet et recevoir l&#8217;offre de lancement, laissez-nous vos coordonn\u00e9es ! <\/p>\n\n\n<style id=\"wpforms-css-vars-root\">\n\t\t\t\t:root {\n\t\t\t\t\t--wpforms-field-border-radius: 3px;\n--wpforms-field-background-color: #ffffff;\n--wpforms-field-border-color: rgba( 0, 0, 0, 0.25 );\n--wpforms-field-text-color: rgba( 0, 0, 0, 0.7 );\n--wpforms-label-color: rgba( 0, 0, 0, 0.85 );\n--wpforms-label-sublabel-color: rgba( 0, 0, 0, 0.55 );\n--wpforms-label-error-color: #d63637;\n--wpforms-button-border-radius: 3px;\n--wpforms-button-background-color: #066aab;\n--wpforms-button-text-color: #ffffff;\n--wpforms-field-size-input-height: 43px;\n--wpforms-field-size-input-spacing: 15px;\n--wpforms-field-size-font-size: 16px;\n--wpforms-field-size-line-height: 19px;\n--wpforms-field-size-padding-h: 14px;\n--wpforms-field-size-checkbox-size: 16px;\n--wpforms-field-size-sublabel-spacing: 5px;\n--wpforms-field-size-icon-size: 1;\n--wpforms-label-size-font-size: 16px;\n--wpforms-label-size-line-height: 19px;\n--wpforms-label-size-sublabel-font-size: 14px;\n--wpforms-label-size-sublabel-line-height: 17px;\n--wpforms-button-size-font-size: 17px;\n--wpforms-button-size-height: 41px;\n--wpforms-button-size-padding-h: 15px;\n--wpforms-button-size-margin-top: 10px;\n\n\t\t\t\t}\n\t\t\t<\/style><div class=\"wpforms-container wpforms-container-full wpforms-block wpforms-block-b133113a-d890-4929-bcb4-92c6764f6003 wpforms-render-modern\" id=\"wpforms-68\"><form id=\"wpforms-form-68\" class=\"wpforms-validate wpforms-form wpforms-ajax-form\" data-formid=\"68\" method=\"post\" enctype=\"multipart\/form-data\" action=\"\/index.php\/wp-json\/wp\/v2\/pages\/55\" data-token=\"fca1c6c60c36bf9863a0c0b1834f3e45\"><noscript class=\"wpforms-error-noscript\">Please enable JavaScript in your browser to complete this form.<\/noscript><div class=\"wpforms-hidden\" id=\"wpforms-error-noscript\">Please enable JavaScript in your browser to complete this form.<\/div><div class=\"wpforms-field-container\"><div id=\"wpforms-68-field_1-container\" class=\"wpforms-field wpforms-field-name\" data-field-id=\"1\"><fieldset><legend class=\"wpforms-field-label\">Parlons de vous !  <span class=\"wpforms-required-label\" aria-hidden=\"true\">*<\/span><\/legend><div class=\"wpforms-field-row wpforms-field-medium\"><div class=\"wpforms-field-row-block wpforms-first wpforms-one-half\"><input type=\"text\" id=\"wpforms-68-field_1\" class=\"wpforms-field-name-first wpforms-field-required\" name=\"wpforms[fields][1][first]\" aria-errormessage=\"wpforms-68-field_1-error\" required><label for=\"wpforms-68-field_1\" class=\"wpforms-field-sublabel after \">First<\/label><\/div><div class=\"wpforms-field-row-block wpforms-one-half\"><input type=\"text\" id=\"wpforms-68-field_1-last\" class=\"wpforms-field-name-last wpforms-field-required\" name=\"wpforms[fields][1][last]\" aria-errormessage=\"wpforms-68-field_1-last-error\" required><label for=\"wpforms-68-field_1-last\" class=\"wpforms-field-sublabel after \">Last<\/label><\/div><\/div><\/fieldset><\/div><div id=\"wpforms-68-field_2-container\" class=\"wpforms-field wpforms-field-email\" data-field-id=\"2\"><label class=\"wpforms-field-label\" for=\"wpforms-68-field_2\">Email <span class=\"wpforms-required-label\" aria-hidden=\"true\">*<\/span><\/label><input type=\"email\" id=\"wpforms-68-field_2\" class=\"wpforms-field-medium wpforms-field-required\" name=\"wpforms[fields][2]\" spellcheck=\"false\" aria-errormessage=\"wpforms-68-field_2-error\" required><\/div><\/div><!-- .wpforms-field-container --><div class=\"wpforms-recaptcha-container wpforms-is-recaptcha wpforms-is-recaptcha-type-v3\" ><input type=\"hidden\" name=\"wpforms[recaptcha]\" value=\"\"><\/div><div class=\"wpforms-submit-container\" ><input type=\"hidden\" name=\"wpforms[id]\" value=\"68\"><input type=\"hidden\" name=\"wpforms[author]\" value=\"1\"><button type=\"submit\" name=\"wpforms[submit]\" id=\"wpforms-submit-68\" class=\"wpforms-submit\" data-alt-text=\"en cours....\" data-submit-text=\"Envoyer ! \" aria-live=\"assertive\" value=\"wpforms-submit\">Envoyer ! <\/button><img loading=\"lazy\" decoding=\"async\" src=\"https:\/\/pass-tv.fr\/wp-content\/plugins\/wpforms\/assets\/images\/submit-spin.svg\" class=\"wpforms-submit-spinner\" style=\"display: none;\" width=\"26\" height=\"26\" alt=\"Loading\"><\/div><\/form><\/div>  <!-- .wpforms-container -->\n\n\n<div style=\"height:100px\" aria-hidden=\"true\" class=\"wp-block-spacer\"><\/div>\n\n\n\n<p class=\"has-tertiary-color has-text-color has-link-color has-x-small-font-size wp-elements-7b6aace5e59c1092d4363c91190e1f6f\">Les informations recueillies sur ce formulaire sont enregistr\u00e9es dans un fichier informatis\u00e9.<\/p>\n\n\n\n<p class=\"has-tertiary-color has-text-color has-link-color has-x-small-font-size wp-elements-b79067e3d577cfb1a99a568ee188632c\">Les donn\u00e9es collect\u00e9es seront communiqu\u00e9es aux seuls destinataires suivants : <strong>pass-tv.fr.<\/strong><\/p>\n\n\n\n<p class=\"has-tertiary-color has-text-color has-link-color has-x-small-font-size wp-elements-c0c9a55abb338276e377257fa8d14174\">Les donn\u00e9es sont conserv\u00e9es pendant 2 ans.<\/p>\n\n\n\n<p class=\"has-tertiary-color has-text-color has-link-color has-x-small-font-size wp-elements-601bc7d14573ee393115066717093b0c\">Vous pouvez acc\u00e9der aux donn\u00e9es vous concernant, les rectifier, demander leur effacement ou exercer votre droit \u00e0 la limitation du traitement de vos donn\u00e9es. <\/p>\n\n\n\n<p class=\"has-tertiary-color has-text-color has-link-color has-x-small-font-size wp-elements-548f51cb839d2d39db1b65a9bc32cde6\">Consultez le site&nbsp;cnil.fr pour plus d\u2019informations sur vos droits.<\/p>\n\n\n\n<p class=\"has-tertiary-color has-text-color has-link-color has-x-small-font-size wp-elements-7ec8be60def2cdb1657fe3cc0fc24acf\">Pour exercer ces droits ou pour toute question sur le traitement de vos donn\u00e9es dans ce dispositif, vous pouvez contacter\u00a0par mail : contact@pass-tv.fr\u00a0<\/p>\n\n\n\n<p class=\"has-tertiary-color has-text-color has-link-color has-x-small-font-size wp-elements-6777770c5f4d1cc842f606f9f78fa3c6\">Si vous estimez, apr\u00e8s nous avoir contact\u00e9s, que vos droits \u00ab&nbsp;Informatique et Libert\u00e9s&nbsp;\u00bb ne sont pas respect\u00e9s, vous pouvez adresser une r\u00e9clamation \u00e0 la CNIL.<\/p>\n","protected":false},"excerpt":{"rendered":"<p>Pour suivre le projet et recevoir l&#8217;offre de lancement, laissez-nous vos coordonn\u00e9es ! Les informations recueillies sur ce formulaire sont enregistr\u00e9es dans un fichier informatis\u00e9. Les donn\u00e9es collect\u00e9es seront communiqu\u00e9es aux seuls destinataires suivants : pass-tv.fr. Les donn\u00e9es sont conserv\u00e9es pendant 2 ans. Vous pouvez acc\u00e9der aux donn\u00e9es vous concernant, les rectifier, demander leur effacement &hellip; <\/p>\n<p class=\"link-more\"><a href=\"https:\/\/pass-tv.fr\/index.php\/suivre-le-projet\/\" class=\"more-link\">Read more<span class=\"screen-reader-text\"> &#8220;Suivre le projet !&#8221;<\/span><\/a><\/p>\n","protected":false},"author":1,"featured_media":0,"parent":0,"menu_order":0,"comment_status":"closed","ping_status":"closed","template":"","meta":{"footnotes":""},"class_list":["post-55","page","type-page","status-publish","hentry"],"aioseo_notices":[],"_links":{"self":[{"href":"https:\/\/pass-tv.fr\/index.php\/wp-json\/wp\/v2\/pages\/55","targetHints":{"allow":["GET"]}}],"collection":[{"href":"https:\/\/pass-tv.fr\/index.php\/wp-json\/wp\/v2\/pages"}],"about":[{"href":"https:\/\/pass-tv.fr\/index.php\/wp-json\/wp\/v2\/types\/page"}],"author":[{"embeddable":true,"href":"https:\/\/pass-tv.fr\/index.php\/wp-json\/wp\/v2\/users\/1"}],"replies":[{"embeddable":true,"href":"https:\/\/pass-tv.fr\/index.php\/wp-json\/wp\/v2\/comments?post=55"}],"version-history":[{"count":8,"href":"https:\/\/pass-tv.fr\/index.php\/wp-json\/wp\/v2\/pages\/55\/revisions"}],"predecessor-version":[{"id":98,"href":"https:\/\/pass-tv.fr\/index.php\/wp-json\/wp\/v2\/pages\/55\/revisions\/98"}],"wp:attachment":[{"href":"https:\/\/pass-tv.fr\/index.php\/wp-json\/wp\/v2\/media?parent=55"}],"curies":[{"name":"wp","href":"https:\/\/api.w.org\/{rel}","templated":true}]}}